{"id":85,"date":"2014-08-05T19:29:06","date_gmt":"2014-08-05T17:29:06","guid":{"rendered":"http:\/\/internationale-gaerten.de\/wordpress\/?page_id=85"},"modified":"2025-12-10T10:48:35","modified_gmt":"2025-12-10T09:48:35","slug":"spenden","status":"publish","type":"page","link":"http:\/\/internationale-gaerten.de\/?page_id=85","title":{"rendered":"Spenden"},"content":{"rendered":"<p><img loading=\"lazy\" decoding=\"async\" class=\" alignright wp-image-280\" src=\"http:\/\/internationale-gaerten.de\/wordpress\/wp-content\/uploads\/2014\/08\/Auswahl_26-e1444341364732.jpg\" alt=\"Gie\u00dfkanne\" width=\"356\" height=\"267\" srcset=\"http:\/\/internationale-gaerten.de\/wordpress\/wp-content\/uploads\/2014\/08\/Auswahl_26-e1444341364732.jpg 589w, http:\/\/internationale-gaerten.de\/wordpress\/wp-content\/uploads\/2014\/08\/Auswahl_26-e1444341364732-300x225.jpg 300w\" sizes=\"auto, (max-width: 356px) 100vw, 356px\" \/>Wir freuen uns, wenn Sie unseren gemeinn\u00fctzigen Verein und seine Arbeit finanziell unterst\u00fctzen. Mit Ihrer Spende\u00a0helfen Sie uns, neue Projekte umzusetzen, Gartenwerkzeug anzuschaffen und die G\u00e4rten instand zu halten. Ihre Spende \u00fcberweisen Sie bitte auf folgendes Konto.<\/p>\n<p>Kontoinhaber: <em>Internationale G\u00e4rten e. V. G\u00f6ttingen<\/em><br \/>\nBank: Volksbank Kassel G\u00f6ttingen<br \/>\nIBAN: DE96 5209 0000 0041 2658 09<\/p>\n<p><em>Gemeinn\u00fctzig laut Freistellungsbescheid vom <\/em><br \/>\n<i>4. Dezember 2025, Finanzamt G\u00f6ttingen, StNr. 20\/206\/1117<\/i><\/p>\n<p>Wenn Sie nicht <em>aktives<\/em> Mitglied des Vereins werden wollen, die Umsetzung unserer Ideen aber unterst\u00fctzen, besteht die M\u00f6glichkeit einen <strong>F\u00f6rderbeitrag <\/strong>zu leisten. Ein F\u00f6rderbeitrag ist ab einer H\u00f6he von 50,00 Euro im Jahr m\u00f6glich. Bitte den Verwendungszweck &#8222;F\u00f6rderbeitrag&#8220; nennen.<br \/>\nEine einfache Mitgliedschaft (ohne Parzelle) kostet 10,00 Euro im Jahr. Eintrittsformulare finden Sie in unserem Bereich <a href=\"http:\/\/internationale-gaerten.de\/?page_id=82\">Downloads<\/a>.<\/p>\n","protected":false},"excerpt":{"rendered":"<p>Wir freuen uns, wenn Sie unseren gemeinn\u00fctzigen Verein und seine Arbeit finanziell unterst\u00fctzen. Mit Ihrer Spende\u00a0helfen Sie uns, neue Projekte umzusetzen, Gartenwerkzeug anzuschaffen und die G\u00e4rten instand zu halten. Ihre Spende \u00fcberweisen Sie bitte auf folgendes Konto. Kontoinhaber: Internationale G\u00e4rten&hellip; <\/p>\n","protected":false},"author":1,"featured_media":0,"parent":0,"menu_order":0,"comment_status":"closed","ping_status":"open","template":"","meta":{"two_page_speed":[],"footnotes":""},"class_list":["post-85","page","type-page","status-publish","hentry"],"_links":{"self":[{"href":"http:\/\/internationale-gaerten.de\/index.php?rest_route=\/wp\/v2\/pages\/85","targetHints":{"allow":["GET"]}}],"collection":[{"href":"http:\/\/internationale-gaerten.de\/index.php?rest_route=\/wp\/v2\/pages"}],"about":[{"href":"http:\/\/internationale-gaerten.de\/index.php?rest_route=\/wp\/v2\/types\/page"}],"author":[{"embeddable":true,"href":"http:\/\/internationale-gaerten.de\/index.php?rest_route=\/wp\/v2\/users\/1"}],"replies":[{"embeddable":true,"href":"http:\/\/internationale-gaerten.de\/index.php?rest_route=%2Fwp%2Fv2%2Fcomments&post=85"}],"version-history":[{"count":48,"href":"http:\/\/internationale-gaerten.de\/index.php?rest_route=\/wp\/v2\/pages\/85\/revisions"}],"predecessor-version":[{"id":169504,"href":"http:\/\/internationale-gaerten.de\/index.php?rest_route=\/wp\/v2\/pages\/85\/revisions\/169504"}],"wp:attachment":[{"href":"http:\/\/internationale-gaerten.de\/index.php?rest_route=%2Fwp%2Fv2%2Fmedia&parent=85"}],"curies":[{"name":"wp","href":"https:\/\/api.w.org\/{rel}","templated":true}]}}