{"id":2956,"date":"2019-06-19T08:56:55","date_gmt":"2019-06-19T07:56:55","guid":{"rendered":"http:\/\/internationale-gaerten.de\/?page_id=2956"},"modified":"2020-05-15T09:13:48","modified_gmt":"2020-05-15T08:13:48","slug":"kartoffeln-in-grone","status":"publish","type":"page","link":"http:\/\/internationale-gaerten.de\/?page_id=2956","title":{"rendered":"Kartoffeln in Grone"},"content":{"rendered":"\n<p>Im Fr\u00fchjahr 2017 wurde mittels einer Motorfr\u00e4se eine gr\u00f6\u00dfere Gemeinschaftsfl\u00e4che zum Anpflanzen von Kartoffeln vorbereitet. Vielen Dank daf\u00fcr an G\u00fcnther Barwanietz und seine M\u00e4nner ! Die Saatkartoffeln brachten einzelne Mitglieder des Friedensgartens mit. Auch das Umweltbildungszentrum Reinhausen (RUZ) gab uns aus seinen reichhaltigen Best\u00e4nden einige Mutterknollen. Wir w\u00e4hlten bewusst verschiedene Sorten, um sp\u00e4ter auch geschmackliche Unterschiede feststellen zu k\u00f6nnen. <br><\/p>\n\n\n\n<figure class=\"wp-block-image\"><img loading=\"lazy\" decoding=\"async\" width=\"1024\" height=\"768\" src=\"http:\/\/internationale-gaerten.de\/wordpress\/wp-content\/uploads\/2019\/04\/IG20-1024x768.jpg\" alt=\"\" class=\"wp-image-2636\" srcset=\"http:\/\/internationale-gaerten.de\/wordpress\/wp-content\/uploads\/2019\/04\/IG20.jpg 1024w, http:\/\/internationale-gaerten.de\/wordpress\/wp-content\/uploads\/2019\/04\/IG20-300x225.jpg 300w, http:\/\/internationale-gaerten.de\/wordpress\/wp-content\/uploads\/2019\/04\/IG20-768x576.jpg 768w\" sizes=\"auto, (max-width: 1024px) 100vw, 1024px\" \/><figcaption>Kartoffelacker im Friedensgarten Grone<\/figcaption><\/figure>\n\n\n\n<p>In den folgenden Monaten pflegten Arbeitsgruppen des Gartens in unregelm\u00e4\u00dfigen Abst\u00e4nden das kleine Kartoffelfeld (ca. 250 qm). Es beteiligten sich etwa 12 Mitglieder des Gartens an der Aktion. Zun\u00e4chst bewunderten wir die sch\u00f6ne Bl\u00fcte der Kartoffelpflanze. Immer wieder wurde geh\u00e4ufelt. <\/p>\n\n\n\n<figure class=\"wp-block-image\"><img loading=\"lazy\" decoding=\"async\" width=\"1024\" height=\"768\" src=\"http:\/\/internationale-gaerten.de\/wordpress\/wp-content\/uploads\/2019\/06\/FILE201-1024x768.jpg\" alt=\"\" class=\"wp-image-2952\" srcset=\"http:\/\/internationale-gaerten.de\/wordpress\/wp-content\/uploads\/2019\/06\/FILE201.jpg 1024w, http:\/\/internationale-gaerten.de\/wordpress\/wp-content\/uploads\/2019\/06\/FILE201-300x225.jpg 300w, http:\/\/internationale-gaerten.de\/wordpress\/wp-content\/uploads\/2019\/06\/FILE201-768x576.jpg 768w\" sizes=\"auto, (max-width: 1024px) 100vw, 1024px\" \/><figcaption>Die Pflanzen im Juni<\/figcaption><\/figure>\n\n\n\n<p>Im September gab es schlie\u00dflich eine reichhaltige Ernte. Die beteiligten Mitglieder hatten jeweils einige Kilo Kartoffeln zum eigenen Verzehr. Auch die Kinder waren mit Begeisterung dabei. <\/p>\n\n\n\n<figure class=\"wp-block-image\"><img loading=\"lazy\" decoding=\"async\" width=\"1024\" height=\"768\" src=\"http:\/\/internationale-gaerten.de\/wordpress\/wp-content\/uploads\/2018\/06\/Kartoffelernte-022-1024x768.jpg\" alt=\"\" class=\"wp-image-2302\" srcset=\"http:\/\/internationale-gaerten.de\/wordpress\/wp-content\/uploads\/2018\/06\/Kartoffelernte-022-1024x768.jpg 1024w, http:\/\/internationale-gaerten.de\/wordpress\/wp-content\/uploads\/2018\/06\/Kartoffelernte-022-300x225.jpg 300w, http:\/\/internationale-gaerten.de\/wordpress\/wp-content\/uploads\/2018\/06\/Kartoffelernte-022-768x576.jpg 768w, http:\/\/internationale-gaerten.de\/wordpress\/wp-content\/uploads\/2018\/06\/Kartoffelernte-022.jpg 2048w\" sizes=\"auto, (max-width: 1024px) 100vw, 1024px\" \/><\/figure>\n\n\n\n<p>Wir schlossen die Aktion mit einem kleinen Fest ab, auf dem u.a. eine Ausstellung \u00fcber Kartoffelsorten pr\u00e4sentiert wurde. So befassten wir uns auch mit ern\u00e4hrungspolitischen, gesundheitlichen und kulturellen Aspekte der Kartoffelpflanze. Die Aktion war f\u00fcr die Gartenmitglieder in Grone eine wichtige soziale Erfahrung. Gelang es doch in gegenseitiger Hilfe neben den Arbeiten an den eigenen Parzellen eine Gemeinschaftsfl\u00e4che im gr\u00f6\u00dferen Stil zu bearbeiten. <\/p>\n\n\n\n<p>Bericht und Fotos: Hansj\u00f6rg Gutberger<\/p>\n","protected":false},"excerpt":{"rendered":"<p>Im Fr\u00fchjahr 2017 wurde mittels einer Motorfr\u00e4se eine gr\u00f6\u00dfere Gemeinschaftsfl\u00e4che zum Anpflanzen von Kartoffeln vorbereitet. Vielen Dank daf\u00fcr an G\u00fcnther Barwanietz und seine M\u00e4nner ! Die Saatkartoffeln brachten einzelne Mitglieder des Friedensgartens mit. Auch das Umweltbildungszentrum Reinhausen (RUZ) gab uns&hellip; <\/p>\n","protected":false},"author":1,"featured_media":0,"parent":0,"menu_order":0,"comment_status":"closed","ping_status":"closed","template":"","meta":{"footnotes":""},"class_list":["post-2956","page","type-page","status-publish","hentry"],"_links":{"self":[{"href":"http:\/\/internationale-gaerten.de\/index.php?rest_route=\/wp\/v2\/pages\/2956","targetHints":{"allow":["GET"]}}],"collection":[{"href":"http:\/\/internationale-gaerten.de\/index.php?rest_route=\/wp\/v2\/pages"}],"about":[{"href":"http:\/\/internationale-gaerten.de\/index.php?rest_route=\/wp\/v2\/types\/page"}],"author":[{"embeddable":true,"href":"http:\/\/internationale-gaerten.de\/index.php?rest_route=\/wp\/v2\/users\/1"}],"replies":[{"embeddable":true,"href":"http:\/\/internationale-gaerten.de\/index.php?rest_route=%2Fwp%2Fv2%2Fcomments&post=2956"}],"version-history":[{"count":9,"href":"http:\/\/internationale-gaerten.de\/index.php?rest_route=\/wp\/v2\/pages\/2956\/revisions"}],"predecessor-version":[{"id":3276,"href":"http:\/\/internationale-gaerten.de\/index.php?rest_route=\/wp\/v2\/pages\/2956\/revisions\/3276"}],"wp:attachment":[{"href":"http:\/\/internationale-gaerten.de\/index.php?rest_route=%2Fwp%2Fv2%2Fmedia&parent=2956"}],"curies":[{"name":"wp","href":"https:\/\/api.w.org\/{rel}","templated":true}]}}