{"id":17,"date":"2014-08-05T19:28:49","date_gmt":"2014-08-05T17:28:49","guid":{"rendered":"http:\/\/internationale-gaerten.de\/wordpress\/?page_id=17"},"modified":"2025-08-15T14:58:04","modified_gmt":"2025-08-15T13:58:04","slug":"partner","status":"publish","type":"page","link":"http:\/\/internationale-gaerten.de\/?page_id=17","title":{"rendered":"Partner"},"content":{"rendered":"<p><img loading=\"lazy\" decoding=\"async\" class=\"alignright wp-image-578\" src=\"http:\/\/internationale-gaerten.de\/wordpress\/wp-content\/uploads\/2014\/08\/34-300x225.jpg\" alt=\"34\" width=\"363\" height=\"271\" \/>Die Internationalen G\u00e4rten werden unterst\u00fctzt von der <a href=\"http:\/\/anstiftung.de\" target=\"_blank\" rel=\"noopener noreferrer\">anstiftung<\/a>, vom\u00a0<a href=\"https:\/\/migrationszentrum-goettingen.wir-e.de\/aktuelles\" target=\"_blank\" rel=\"noopener noreferrer\">Migrationszentrum f\u00fcr Stadt und Landkreis G\u00f6ttingen<\/a> und der <a href=\"http:\/\/www.goettingen.de\/index.php\" target=\"_blank\" rel=\"noopener noreferrer\">Stadt G\u00f6ttingen<\/a>.<\/p>\n<p>Die Arbeit unseres Vereins sowie die Umsetzung von neuen Ideen und Projekten wird erm\u00f6glicht durch die ideelle und finanzielle F\u00f6rderung\u00a0unserer Kooperationspartner.<\/p>\n<p>Wenn Sie die Arbeit des Vereins unterst\u00fctzen und mit ihm zusammenarbeiten m\u00f6chten, dann nehmen Sie bitte\u00a0<a href=\"http:\/\/internationale-gaerten.de\/?page_id=19\">Kontakt <\/a>zu uns\u00a0auf.\u00a0Den folgenden Partnern m\u00f6chten wir herzlich f\u00fcr Ihre Unterst\u00fctzung danken!<\/p>\n<p><a href=\"https:\/\/migrationszentrum-goettingen.wir-e.de\/aktuelles\" target=\"_blank\" rel=\"noopener noreferrer\"><img loading=\"lazy\" decoding=\"async\" class=\"alignnone wp-image-1151\" src=\"http:\/\/internationale-gaerten.de\/wordpress\/wp-content\/uploads\/2014\/08\/Migrationszentrum-G\u00f6ttingen-e1442948306730.png\" alt=\"Migrationszentrum-G\u00f6ttingen\" width=\"100\" height=\"100\" \/><\/a>\u00a0 \u00a0 \u00a0 \u00a0 \u00a0 \u00a0 \u00a0 \u00a0 \u00a0 \u00a0 \u00a0<a href=\"https:\/\/www.goettingen.de\/verwaltung\/dienstleistungen\/dienstleistung.php?id=710&amp;menuid=371&amp;topmenu=371&amp;top=\" target=\"_blank\" rel=\"noopener noreferrer\"><img loading=\"lazy\" decoding=\"async\" class=\"alignnone wp-image-1153\" src=\"http:\/\/internationale-gaerten.de\/wordpress\/wp-content\/uploads\/2014\/08\/Logo_Goe_web-e1442948971232.png\" alt=\"Logo_Goe_web\" width=\"248\" height=\"75\" \/><\/a>\u00a0 \u00a0 \u00a0 \u00a0 \u00a0 \u00a0 \u00a0 \u00a0 \u00a0 \u00a0 \u00a0\u00a0<a href=\"http:\/\/www.eeb-goe.de\" target=\"_blank\" rel=\"noopener noreferrer\"><img loading=\"lazy\" decoding=\"async\" class=\"alignnone wp-image-1158\" src=\"http:\/\/internationale-gaerten.de\/wordpress\/wp-content\/uploads\/2014\/08\/Bildschirmfoto-2015-09-22-um-21.22.06-e1442949770117.png\" alt=\"Bildschirmfoto 2015-09-22 um 21.22.06\" width=\"319\" height=\"60\" \/><\/a><\/p>\n<p><a href=\"http:\/\/www.goettinger-umweltzentrum.de\" target=\"_blank\" rel=\"noopener noreferrer\"><img loading=\"lazy\" decoding=\"async\" class=\"alignnone wp-image-37\" src=\"http:\/\/internationale-gaerten.de\/wordpress\/wp-content\/uploads\/2014\/07\/Gunz-e1442948855467.png\" alt=\"Gunz\" width=\"101\" height=\"110\" \/><\/a>\u00a0 \u00a0 \u00a0 \u00a0 \u00a0 \u00a0 \u00a0 \u00a0 \u00a0\u00a0<a href=\"http:\/\/www.weststadtzentrum.de\" target=\"_blank\" rel=\"noopener noreferrer\"><img loading=\"lazy\" decoding=\"async\" class=\"alignnone wp-image-1141\" src=\"http:\/\/internationale-gaerten.de\/wordpress\/wp-content\/uploads\/2014\/08\/cropped-header-21-e1442946804621.jpg\" alt=\"cropped-header-2\" width=\"185\" height=\"110\" \/><\/a>\u00a0 \u00a0 \u00a0 \u00a0 \u00a0 \u00a0 \u00a0 \u00a0 \u00a0 \u00a0 \u00a0 \u00a0 \u00a0<a href=\"http:\/\/www.awo-goettingen.de\/awo-goettingen\/node\/61\" target=\"_blank\" rel=\"noopener noreferrer\"><img loading=\"lazy\" decoding=\"async\" class=\"alignnone wp-image-1154\" src=\"http:\/\/internationale-gaerten.de\/wordpress\/wp-content\/uploads\/2014\/08\/trialog2011.jpg\" alt=\"trialog2011\" width=\"183\" height=\"110\" \/><\/a>\u00a0 \u00a0 \u00a0 \u00a0 \u00a0 \u00a0 \u00a0 \u00a0 \u00a0 \u00a0 \u00a0 \u00a0\u00a0<a href=\"http:\/\/www.awo-goettingen.de\/awo-goettingen\/node\/61\" target=\"_blank\" rel=\"noopener noreferrer\"><img loading=\"lazy\" decoding=\"async\" class=\"alignnone wp-image-1142\" src=\"http:\/\/internationale-gaerten.de\/wordpress\/wp-content\/uploads\/2014\/08\/1195px-Awo-logo-08-e1442947021902.png\" alt=\"1195px-Awo-logo-08\" width=\"128\" height=\"110\" \/><\/a><\/p>\n<p><a href=\"http:\/\/www.nachbarschaftszentrum-grone.de\" target=\"_blank\" rel=\"noopener noreferrer\"><img loading=\"lazy\" decoding=\"async\" class=\"alignnone wp-image-1152\" src=\"http:\/\/internationale-gaerten.de\/wordpress\/wp-content\/uploads\/2014\/08\/nachbarschaftszentrum-e1442948367639.jpg\" alt=\"Druck\" width=\"261\" height=\"80\" \/><\/a>\u00a0 \u00a0 \u00a0 \u00a0 \u00a0 \u00a0<a href=\"http:\/\/www.janun-goettingen.de\" target=\"_blank\" rel=\"noopener noreferrer\"><img loading=\"lazy\" decoding=\"async\" class=\"alignnone wp-image-38\" src=\"http:\/\/internationale-gaerten.de\/wordpress\/wp-content\/uploads\/2014\/07\/Janun-e1442947939194.png\" alt=\"Janun\" width=\"133\" height=\"110\" \/><\/a>\u00a0 \u00a0 \u00a0 \u00a0 \u00a0 \u00a0 \u00a0 \u00a0 \u00a0 \u00a0<a href=\"https:\/\/www.goettingen-im-wandel.de\/\" target=\"_blank\" rel=\"noopener noreferrer\"><img loading=\"lazy\" decoding=\"async\" class=\"alignnone wp-image-1167\" src=\"http:\/\/internationale-gaerten.de\/wordpress\/wp-content\/uploads\/2014\/08\/Transition-Town-Logo-Visitenkarte-RGB-e1442951842368.jpg\" alt=\"Transition-Logo-Quer.indd\" width=\"155\" height=\"110\" \/><\/a>\u00a0 \u00a0 \u00a0 \u00a0 \u00a0 \u00a0 \u00a0 \u00a0 \u00a0<a href=\"http:\/\/www.landschaftsverband.org\" target=\"_blank\" rel=\"noopener noreferrer\"><img loading=\"lazy\" decoding=\"async\" class=\"alignnone wp-image-1155\" src=\"http:\/\/internationale-gaerten.de\/wordpress\/wp-content\/uploads\/2014\/08\/lvsLogo.gif\" alt=\"lvsLogo\" width=\"176\" height=\"110\" \/><\/a><\/p>\n<p><a href=\"https:\/\/www.fluechtlingshilfe-goettingen.de\/organisationen\/beschaeftigungsfoerderung-goettingen-kaoer\/\" target=\"_blank\" rel=\"noopener noreferrer\"><img loading=\"lazy\" decoding=\"async\" class=\"alignnone wp-image-1597\" src=\"http:\/\/internationale-gaerten.de\/wordpress\/wp-content\/uploads\/2014\/08\/bfgoe_logo-150x81.png\" alt=\"Logo BFG\" width=\"170\" height=\"55\" \/><\/a>\u00a0 \u00a0 \u00a0 \u00a0 \u00a0 \u00a0 \u00a0\u00a0<a href=\"https:\/\/imkerverein-goettingen.de\/?Wissenswertes\" target=\"_blank\" rel=\"noopener noreferrer\"><img loading=\"lazy\" decoding=\"async\" class=\"alignnone wp-image-1160\" src=\"http:\/\/internationale-gaerten.de\/wordpress\/wp-content\/uploads\/2014\/08\/Bildschirmfoto-2015-09-22-um-21.25.43-e1442949978717.png\" alt=\"Logo Imkerverein G\u00f6ttingen\" width=\"331\" height=\"25\" \/><\/a>\u00a0 \u00a0 <a href=\"http:\/\/www.bonveno-goettingen.de\" target=\"_blank\" rel=\"noopener noreferrer\"><img loading=\"lazy\" decoding=\"async\" class=\"alignnone wp-image-1576\" src=\"http:\/\/internationale-gaerten.de\/wordpress\/wp-content\/uploads\/2014\/08\/Logo-bonveno.jpg\" alt=\"Logo Bonveno\" width=\"115\" height=\"110\" \/><\/a>\u00a0 \u00a0 \u00a0 \u00a0 \u00a0 \u00a0 \u00a0 \u00a0 \u00a0 \u00a0 \u00a0 \u00a0<a href=\"http:\/\/rundertischzieten.jimdo.com\" target=\"_blank\" rel=\"noopener noreferrer\"><img loading=\"lazy\" decoding=\"async\" class=\"alignnone wp-image-1578\" src=\"http:\/\/internationale-gaerten.de\/wordpress\/wp-content\/uploads\/2014\/08\/Logo-RT.jpg\" alt=\"Logo RTZ\" width=\"108\" height=\"110\" \/><\/a><\/p>\n<p><a href=\"http:\/\/www.bund.net\" target=\"_blank\" rel=\"noopener noreferrer\"><img loading=\"lazy\" decoding=\"async\" class=\"alignnone wp-image-1123\" src=\"http:\/\/internationale-gaerten.de\/wordpress\/wp-content\/uploads\/2014\/08\/BUND-Logo-e1442944144874.png\" alt=\"BUND-Logo\" width=\"208\" height=\"76\" \/><\/a>\u00a0 \u00a0 \u00a0 \u00a0 \u00a0 \u00a0 \u00a0 \u00a0\u00a0<a href=\"http:\/\/anstiftung.de\" target=\"_blank\" rel=\"noopener noreferrer\"><img loading=\"lazy\" decoding=\"async\" class=\"alignnone wp-image-968\" src=\"http:\/\/internationale-gaerten.de\/wordpress\/wp-content\/uploads\/2018\/08\/anstiftungslogo-farbig-verysmall.png\" alt=\"Druck\" width=\"204\" height=\"100\" \/><\/a>\u00a0 \u00a0 \u00a0 \u00a0 \u00a0 \u00a0 \u00a0\u00a0<a href=\"https:\/\/www.aktion-mensch.de\" target=\"_blank\" rel=\"noopener noreferrer\"><img loading=\"lazy\" decoding=\"async\" class=\"alignnone wp-image-1122\" src=\"http:\/\/internationale-gaerten.de\/wordpress\/wp-content\/uploads\/2014\/08\/Aktion-Mensch.png\" alt=\"Aktion-Mensch\" width=\"196\" height=\"76\" \/><\/a>\u00a0 \u00a0 \u00a0 \u00a0 \u00a0 \u00a0 \u00a0<a href=\"http:\/\/www.bingo-umweltstiftung.de\" target=\"_blank\" rel=\"noopener noreferrer\"><img loading=\"lazy\" decoding=\"async\" class=\"alignnone wp-image-1128\" src=\"http:\/\/internationale-gaerten.de\/wordpress\/wp-content\/uploads\/2014\/08\/Bingo-Umweltstiftung1-150x150.jpg\" alt=\"Bingo-Umweltstiftung\" width=\"113\" height=\"110\" \/><\/a><\/p>\n<p><a href=\"http:\/\/www.landeskirche-hannovers.de\" target=\"_blank\" rel=\"noopener noreferrer\"><img loading=\"lazy\" decoding=\"async\" class=\"alignnone wp-image-1126\" src=\"http:\/\/internationale-gaerten.de\/wordpress\/wp-content\/uploads\/2014\/08\/Landeskirche-Hannover-e1442944251316.png\" alt=\"Landeskirche-Hannover\" width=\"293\" height=\"40\" \/><\/a>\u00a0 \u00a0 \u00a0 \u00a0 \u00a0\u00a0<a href=\"http:\/\/www.bamf.de\" target=\"_blank\" rel=\"noopener noreferrer\"><img loading=\"lazy\" decoding=\"async\" class=\"alignnone wp-image-1124\" src=\"http:\/\/internationale-gaerten.de\/wordpress\/wp-content\/uploads\/2014\/08\/Bamf-e1442945190726.gif\" alt=\"Bamf\" width=\"138\" height=\"80\" \/><\/a><a href=\"http:\/\/www.bmub.bund.de\" target=\"_blank\" rel=\"noopener noreferrer\"><img loading=\"lazy\" decoding=\"async\" class=\"alignnone wp-image-1125\" src=\"http:\/\/internationale-gaerten.de\/wordpress\/wp-content\/uploads\/2014\/08\/Bundesministerium-Umwelt-e1442945285226.jpg\" alt=\"Bundesministerium-Umwelt\" width=\"175\" height=\"80\" \/><\/a>\u00a0 \u00a0 \u00a0\u00a0<a href=\"https:\/\/www.dkhw.de\" target=\"_blank\" rel=\"noopener noreferrer\"><img loading=\"lazy\" decoding=\"async\" class=\"alignnone wp-image-1577\" src=\"http:\/\/internationale-gaerten.de\/wordpress\/wp-content\/uploads\/2014\/08\/Logo-Kinderhilfswerk.png\" alt=\"logo-kinderhilfswerk\" width=\"236\" height=\"90\" \/><\/a><\/p>\n<p><a href=\"https:\/\/www.studienstiftung.de\/studienfoerderung\/\" target=\"_blank\" rel=\"noopener noreferrer\"><img loading=\"lazy\" decoding=\"async\" class=\"details-image alignnone alignleft\" draggable=\"false\" src=\"http:\/\/internationale-gaerten.de\/wordpress\/wp-content\/uploads\/2018\/02\/Studienstiftung_logo.jpg\" alt=\"Studienstiftung des deutschen Volkes\" width=\"263\" height=\"87\" \/><\/a><\/p>\n\n<div class=\"wp-block-image\">\n<figure class=\"alignright size-full is-resized\"><a href=\"http:\/\/internationale-gaerten.de\/wordpress\/wp-content\/uploads\/2021\/09\/JMD.png\"><img loading=\"lazy\" decoding=\"async\" width=\"208\" height=\"67\" src=\"http:\/\/internationale-gaerten.de\/wordpress\/wp-content\/uploads\/2021\/09\/JMD.png\" alt=\"\" class=\"wp-image-38483\" style=\"width:265px;height:85px\"\/><\/a><figcaption class=\"wp-element-caption\"><a href=\"https:\/\/www.jugendmigrationsdienste.de\/jmd\/goettingen\">https:\/\/www.jugendmigrationsdienste.de\/jmd\/goettingen<\/a><\/figcaption><\/figure>\n<\/div>\n\n\n<figure class=\"wp-block-image size-full is-resized\"><a href=\"https:\/\/goettinger-land-gaerten.de\/kontakt\/\"><img loading=\"lazy\" decoding=\"async\" width=\"500\" height=\"219\" src=\"http:\/\/internationale-gaerten.de\/wordpress\/wp-content\/uploads\/2023\/06\/Goettinger_NW.png\" alt=\"\" class=\"wp-image-167722\" style=\"width:297px;height:130px\" srcset=\"http:\/\/internationale-gaerten.de\/wordpress\/wp-content\/uploads\/2023\/06\/Goettinger_NW.png 500w, http:\/\/internationale-gaerten.de\/wordpress\/wp-content\/uploads\/2023\/06\/Goettinger_NW-300x131.png 300w\" sizes=\"auto, (max-width: 500px) 100vw, 500px\" \/><\/a><\/figure>\n\n\n<div class=\"wp-block-image\">\n<figure class=\"alignright size-large is-resized\"><a href=\"https:\/\/urbane-gaerten.de\/\"><img loading=\"lazy\" decoding=\"async\" width=\"300\" height=\"250\" src=\"http:\/\/internationale-gaerten.de\/wordpress\/wp-content\/uploads\/2020\/08\/urbane-gaerten-banner-300-250-V01.jpg\" alt=\"\" class=\"wp-image-3418\" style=\"width:224px;height:187px\"\/><\/a><\/figure>\n<\/div>\n\n<div class=\"wp-block-image\">\n<figure class=\"alignleft size-full is-resized\"><a href=\"http:\/\/internationale-gaerten.de\/wordpress\/wp-content\/uploads\/2024\/06\/Balu-1.png\"><img loading=\"lazy\" decoding=\"async\" width=\"800\" height=\"533\" src=\"http:\/\/internationale-gaerten.de\/wordpress\/wp-content\/uploads\/2024\/06\/Balu-1.png\" alt=\"\" class=\"wp-image-168318\" style=\"width:152px;height:auto\" srcset=\"http:\/\/internationale-gaerten.de\/wordpress\/wp-content\/uploads\/2024\/06\/Balu-1.png 800w, http:\/\/internationale-gaerten.de\/wordpress\/wp-content\/uploads\/2024\/06\/Balu-1-300x200.png 300w, http:\/\/internationale-gaerten.de\/wordpress\/wp-content\/uploads\/2024\/06\/Balu-1-768x512.png 768w\" sizes=\"auto, (max-width: 800px) 100vw, 800px\" \/><\/a><figcaption class=\"wp-element-caption\"><br>HAWK Plus G\u00f6ttingen<\/figcaption><\/figure>\n<\/div>\n\n\n<figure class=\"wp-block-image size-large\"><a href=\"http:\/\/internationale-gaerten.de\/wordpress\/wp-content\/uploads\/2025\/08\/cropped-denkhauslogo-pure.jpg\"><img decoding=\"async\" src=\"http:\/\/internationale-gaerten.de\/wordpress\/wp-content\/uploads\/2025\/08\/cropped-denkhauslogo-pure-1024x116.jpg\" alt=\"\" class=\"wp-image-169260\"\/><\/a><\/figure>\n\n\n\n<p><\/p>\n","protected":false},"excerpt":{"rendered":"<p>Die Internationalen G\u00e4rten werden unterst\u00fctzt von der anstiftung, vom\u00a0Migrationszentrum f\u00fcr Stadt und Landkreis G\u00f6ttingen und der Stadt G\u00f6ttingen. Die Arbeit unseres Vereins sowie die Umsetzung von neuen Ideen und Projekten wird erm\u00f6glicht durch die ideelle und finanzielle F\u00f6rderung\u00a0unserer Kooperationspartner. Wenn&hellip; <\/p>\n","protected":false},"author":1,"featured_media":0,"parent":0,"menu_order":0,"comment_status":"closed","ping_status":"open","template":"","meta":{"two_page_speed":[],"footnotes":""},"class_list":["post-17","page","type-page","status-publish","hentry"],"_links":{"self":[{"href":"http:\/\/internationale-gaerten.de\/index.php?rest_route=\/wp\/v2\/pages\/17","targetHints":{"allow":["GET"]}}],"collection":[{"href":"http:\/\/internationale-gaerten.de\/index.php?rest_route=\/wp\/v2\/pages"}],"about":[{"href":"http:\/\/internationale-gaerten.de\/index.php?rest_route=\/wp\/v2\/types\/page"}],"author":[{"embeddable":true,"href":"http:\/\/internationale-gaerten.de\/index.php?rest_route=\/wp\/v2\/users\/1"}],"replies":[{"embeddable":true,"href":"http:\/\/internationale-gaerten.de\/index.php?rest_route=%2Fwp%2Fv2%2Fcomments&post=17"}],"version-history":[{"count":183,"href":"http:\/\/internationale-gaerten.de\/index.php?rest_route=\/wp\/v2\/pages\/17\/revisions"}],"predecessor-version":[{"id":169281,"href":"http:\/\/internationale-gaerten.de\/index.php?rest_route=\/wp\/v2\/pages\/17\/revisions\/169281"}],"wp:attachment":[{"href":"http:\/\/internationale-gaerten.de\/index.php?rest_route=%2Fwp%2Fv2%2Fmedia&parent=17"}],"curies":[{"name":"wp","href":"https:\/\/api.w.org\/{rel}","templated":true}]}}