{"id":13,"date":"2014-08-05T20:50:22","date_gmt":"2014-08-05T18:50:22","guid":{"rendered":"http:\/\/internationale-gaerten.de\/wordpress\/?page_id=13"},"modified":"2025-06-06T18:02:00","modified_gmt":"2025-06-06T17:02:00","slug":"gaerten","status":"publish","type":"page","link":"http:\/\/internationale-gaerten.de\/?page_id=13","title":{"rendered":"G\u00e4rten"},"content":{"rendered":"<p><span class=\"xr_tj xr_s3\">Die gemeinsame Gartenarbeit bildet die Basis unserer Vereinsaktivit\u00e4ten. Unsere G\u00e4rten bestehen aus \u00fcber 40 Einzelparzellen f\u00fcr den Anbau von Gem\u00fcse und Kr\u00e4utern sowie <\/span><span class=\"xr_tj xr_s3\">Gemeinschaftsfl\u00e4chen. Gartenwerkzeug wird in den Ger\u00e4teschuppen zur Verf\u00fcgung gestellt. Der Verein legt seinen Mitgliedern eine \u00f6kologische Bewirtschaftung ihrer Fl\u00e4chen nahe, auf Pflanzenschutzmittel und Kunstd\u00fcnger soll daher vollst\u00e4ndig verzichtet werden.\u00a0<\/span>Schauen Sie sich doch einmal in unseren G\u00e4rten um! G\u00e4ste sind bei uns gern gesehen! Alle G\u00e4rten sind ge\u00f6ffnet.<\/p>\n<h5><strong>Friedensgarten Grone<\/strong><\/h5>\n<p><img loading=\"lazy\" decoding=\"async\" class=\"wp-image-20846  alignright\" src=\"http:\/\/internationale-gaerten.de\/wordpress\/wp-content\/uploads\/2021\/06\/P1150626-1024x768.jpg\" alt=\"\" width=\"358\" height=\"269\" srcset=\"http:\/\/internationale-gaerten.de\/wordpress\/wp-content\/uploads\/2021\/06\/P1150626-1024x768.jpg 1024w, http:\/\/internationale-gaerten.de\/wordpress\/wp-content\/uploads\/2021\/06\/P1150626-300x225.jpg 300w, http:\/\/internationale-gaerten.de\/wordpress\/wp-content\/uploads\/2021\/06\/P1150626-768x576.jpg 768w, http:\/\/internationale-gaerten.de\/wordpress\/wp-content\/uploads\/2021\/06\/P1150626.jpg 1280w\" sizes=\"auto, (max-width: 358px) 100vw, 358px\" \/><\/p>\n<p style=\"text-align: left;\">Der Friedensgarten Grone wurde im Jahr 2004 er\u00f6ffnet. Im Jahr 2002 bekamen wir das Grundst\u00fcck und begannen die Infrastruktur aufzubauen. Der Name &#8222;Friedensgarten&#8220; entstand, weil wir ein Zeichen gegen den damaligen Irakkrieg wie \u00fcberhaupt f\u00fcr den Frieden setzen wollten. Der Garten verf\u00fcgt \u00fcber etwa 5.500 Quadratmeter Fl\u00e4che. Er liegt am s\u00fcdlichen Ende des Siekwegs im Stadtteil Grone-S\u00fcd. Zurzeit sind ca. 30 Mitglieder (darunter 25 Familien) im Groner Garten aktiv. Derzeit findet man im Friedensgarten 28 bewirtschaftete Einzelparzellen und vier Gemeinschaftsfl\u00e4chen (Stand: Mai 2024). Die Einzelparzellen sind zwischen 20 und 150 Quadratmeter gro\u00df. Im Gartenpavillon ruhen sich die Mitglieder nach getaner Arbeit aus. Zeit f\u00fcr ein gem\u00fctliches Gespr\u00e4ch findet sich immer. Daneben steht der selbstgebaute Backofen. Au\u00dferdem gibt es die Imkerei mit vielen flei\u00dfigen Bienen, ein Insektenhotel und seit 2021 auch wieder einen Sandkasten. Der Infokasten am Siekweg informiert dabei \u00fcber alles Neue. Auch eine selbstgebaute Toilette und eine Kompostanlage sind vorhanden. Seit 2022 besteht ein Anschluss an das \u00f6ffentliche Wassernetz.<br \/>Die <a href=\"http:\/\/www.janun-goettingen.de\">JANUN-Gruppe<\/a>, ein Umweltbildungsverein f\u00fcr junge Erwachsene, f\u00fchrt j\u00e4hrlich Veranstaltungen zur Erhaltung der Nutzpflanzenvielfalt durch. Janun e.V. betreibt den <em>JANUN-Garten<\/em> innerhalb des Friedensgartens Grone. Der Friedensgarten kooperiert mit dem <em>Essbaren Waldgarten<\/em> (Janun e.V.) und der G\u00f6ttinger <em>Stadtsolawi<\/em>, die ebenfalls am Siekweg liegen.<br \/>So ist im Laufe der Jahre ein neuer Sozialraum f\u00fcr die BewohnerInnen von Grone-S\u00fcd (und dar\u00fcber hinaus) entstanden. Treffen der &#8218;Friedensg\u00e4rtner:innen&#8216; finden an Freitagen oder Samstagen statt.<br \/>Eine Wegbeschreibung zum Garten finden Sie hier: <a href=\"http:\/\/internationale-gaerten.de\/wordpress\/wp-content\/uploads\/2018\/05\/Friedensgarten-Grone-1.pdf\" target=\"_blank\" rel=\"noopener noreferrer\">Download PDF.<\/a><\/p>\n<h5><strong>Gemeinschaftsgarten Geismar<\/strong><\/h5>\n<p><img loading=\"lazy\" decoding=\"async\" class=\"wp-image-2927  alignright\" src=\"http:\/\/internationale-gaerten.de\/wordpress\/wp-content\/uploads\/2019\/06\/IMG_20180819_160611-663x1024.jpg\" alt=\"\" width=\"205\" height=\"317\" srcset=\"http:\/\/internationale-gaerten.de\/wordpress\/wp-content\/uploads\/2019\/06\/IMG_20180819_160611-663x1024.jpg 663w, http:\/\/internationale-gaerten.de\/wordpress\/wp-content\/uploads\/2019\/06\/IMG_20180819_160611-194x300.jpg 194w, http:\/\/internationale-gaerten.de\/wordpress\/wp-content\/uploads\/2019\/06\/IMG_20180819_160611-768x1186.jpg 768w, http:\/\/internationale-gaerten.de\/wordpress\/wp-content\/uploads\/2019\/06\/IMG_20180819_160611.jpg 829w\" sizes=\"auto, (max-width: 205px) 100vw, 205px\" \/><\/p>\n<p style=\"text-align: left;\">Unseren \u00e4ltesten Garten (1998), der im G\u00f6ttinger Stadtteil Geismar liegt, erreicht man \u00fcber den Gehrenring (Pfad in den Garten hinter der ehemaligen Bushaltestelle Gehrenring) oder den Apoldaer Weg (Ende der Sackgasse). Der Garten ist ca. 5.000 Quadratmeter gro\u00df; er besteht aus mietbaren Parzellen und gemeinschaftlich nutzbaren Gr\u00fcnfl\u00e4chen. Der Garten liegt zwischen der Wilhelm-Busch Grundschule und dem Kindergarten der Gemeinde St. Martin. Zur Zeit sind ca. 30 Mitglieder im Geismarer Gemeinschaftsgarten aktiv. Neben unseren Mitgliedern bewirtschaften mehrere Schul- und Kindergartengruppen Parzellen. Sie kommen in der Gartensaison w\u00f6chentlich in den Garten. Zum Garten geh\u00f6rt eine interkulturelle Lehrimkerei. Eine Attraktion ist die sogenannte Themenparzelle, ebenfalls eine Gemeinschaftsfl\u00e4che. Ein Schmuckst\u00fcck ist unsere Gartenh\u00fctte, die <em>Peter-Giefers-H\u00fctte<\/em>. In Geismar wurde von den Kindern der Montessori-Schule eine Kr\u00e4uterspirale gebaut und bepflanzt. Au\u00dferdem gibt es eine Kompostanlage und eine moderne Komposttoilette. Seit 2018 verf\u00fcgt der Garten \u00fcber ein Mancala-Spiel, das in Zusammenarbeit mit dem <a href=\"http:\/\/kaz-goettingen.de\">KAZ G\u00f6ttingen<\/a> installiert wurde (erneuert 2024). Treffen der Gartenmitglieder finden alle zwei Wochen an Samstagen (14.30 h) statt (Stand: Mai 2025).<br \/>Eine Wegbeschreibung zum Garten finden Sie hier: <a href=\"http:\/\/internationale-gaerten.de\/wordpress\/wp-content\/uploads\/2024\/03\/Geismar-Garten-Lageplan-neu.pdf\">Download PDF<\/a>.<\/p>\n<p style=\"text-align: center;\"><b>weitere Infrastruktur im Gemeinschaftsgarten Geismar<\/b><br \/><i>(von links nach rechts)<\/i><br \/>Heuhaus (f\u00fcr kleine u. gro\u00dfe Kinder), Gew\u00e4chshaus, IBC-Container f\u00fcr Regenwasser,<br \/>Imker- und Bieneninformationsstand, Imkerh\u00fctte.<a href=\"http:\/\/internationale-gaerten.de\/wordpress\/wp-content\/uploads\/2024\/09\/Infrastruktur-Geismar.jpg\"><img loading=\"lazy\" decoding=\"async\" class=\"wp-image-168672 aligncenter\" src=\"http:\/\/internationale-gaerten.de\/wordpress\/wp-content\/uploads\/2024\/09\/Infrastruktur-Geismar.jpg\" alt=\"\" width=\"486\" height=\"365\" srcset=\"http:\/\/internationale-gaerten.de\/wordpress\/wp-content\/uploads\/2024\/09\/Infrastruktur-Geismar.jpg 1280w, http:\/\/internationale-gaerten.de\/wordpress\/wp-content\/uploads\/2024\/09\/Infrastruktur-Geismar-300x225.jpg 300w, http:\/\/internationale-gaerten.de\/wordpress\/wp-content\/uploads\/2024\/09\/Infrastruktur-Geismar-1024x768.jpg 1024w, http:\/\/internationale-gaerten.de\/wordpress\/wp-content\/uploads\/2024\/09\/Infrastruktur-Geismar-768x576.jpg 768w\" sizes=\"auto, (max-width: 486px) 100vw, 486px\" \/><\/a><\/p>\n<h5><strong>Willkommensgarten auf den Zietenterrassen<\/strong><\/h5>\n<p><a href=\"http:\/\/internationale-gaerten.de\/wordpress\/wp-content\/uploads\/2024\/08\/P1150780.jpg\"><img loading=\"lazy\" decoding=\"async\" class=\"wp-image-168479  alignright\" src=\"http:\/\/internationale-gaerten.de\/wordpress\/wp-content\/uploads\/2024\/08\/P1150780.jpg\" alt=\"\" width=\"375\" height=\"281\" srcset=\"http:\/\/internationale-gaerten.de\/wordpress\/wp-content\/uploads\/2024\/08\/P1150780.jpg 1280w, http:\/\/internationale-gaerten.de\/wordpress\/wp-content\/uploads\/2024\/08\/P1150780-300x225.jpg 300w, http:\/\/internationale-gaerten.de\/wordpress\/wp-content\/uploads\/2024\/08\/P1150780-1024x768.jpg 1024w, http:\/\/internationale-gaerten.de\/wordpress\/wp-content\/uploads\/2024\/08\/P1150780-768x576.jpg 768w\" sizes=\"auto, (max-width: 375px) 100vw, 375px\" \/><\/a><\/p>\n<p>Der Willkommensgarten entstand nachdem auf den Zietenterrassen in G\u00f6ttingen-Geismar eine Unterkunft f\u00fcr Gefl\u00fcchtete errichtet worden war. Seit dem April 2016 beteiligten sich die Internationalen G\u00e4rten e.V. an \u00dcberlegungen, um die Wohnanlage herum einen Garten aufzubauen. Das Konzept wurde auf einem Plenum der Nachbarschaftsinitiative <em>RunderTischZieten<\/em> auch der erweiterten Nachbarschaft vorgestellt. Der Willkommensgarten liegt in der Hannah-Vogt-Stra\u00dfe 10. Mitglieder des Vereins begannen im Fr\u00fchjahr 2016 direkt auf dem Gel\u00e4nde der Gefl\u00fcchtetenwohnanlage Zietenterassen (Bonveno) einen etwa 300 Quadratmeter gro\u00dfen Garten anzulegen. Geg\u00e4rtnert wird in erster Linie mit den Kindern, die im Fl\u00fcchtlingswohnheim wohnen. Erwachsene d\u00fcrfen gern zum Helfen dazukommen und auch Nachbarskinder sind herzlich willkommen. Der Willkommensgarten wurde anf\u00e4nglich gef\u00f6rdert vom Deutschen Kinderhilfswerk und der anstiftung Ertomis. An der Umsetzung des Gartenkonzepts sind MitarbeiterInnen des Umweltbildungszentrums Reinhausen und Bewohner der Gefl\u00fcchteten-Wohnanlage beteiligt. Auf dem Gel\u00e4nde wurden zun\u00e4chst Obstb\u00e4ume angepflanzt. An jedem Mittwoch ist Gartentag, der mit einem gemeinsamen Essen (&#8222;Kartoffeln mit Quark&#8220;) und einem Lied beendet wird.<br \/>Wo 2016 nur steiniger, schlammiger Boden war, sieht es jetzt bunt und bl\u00fchend aus. Zun\u00e4chst wurden Obstb\u00e4ume durch den Verein angepflanzt, die jetzt schon eine betr\u00e4chtliche Gr\u00f6\u00dfe erreicht haben. Das Pflanzen geschieht in einer bestimmten Abfolge: zun\u00e4chst Kartoffeln, dann Salate, Kr\u00e4uter, Radieschen u. a. Dann folgen Tomaten. Die mitarbeitenden Kinder (bis zu 8) sind vom Alter, ihrer Nationalit\u00e4t, ihrer Sprachkenntnisse und in ihrer Begeisterungsf\u00e4higkeit und Ausdauer sehr unterschiedlich.<br \/>Unser Verein konnte in den ersten Jahren mehrere Siebdruckworkshops f\u00fcr die Kinder der Wohnanlage durchf\u00fchren. Weitere Infos zum Willkommensgarten gibt es hier: <a class=\"components-external-link editor-post-url__link\" href=\"http:\/\/internationale-gaerten.de\/?page_id=168530\" target=\"_blank\" rel=\"external noreferrer noopener\">http:\/\/internationale-gaerten.de\/?page_id=168530<span class=\"components-visually-hidden c-ee-c-ad-bcabab-0 e19lxcc00\" data-wp-c16t=\"true\" data-wp-component=\"VisuallyHidden\">(\u00f6ffnet in neuem Tab)<\/span><\/a><\/p>\n<p>Eine Wegbeschreibung zum Garten finden Sie hier: <a href=\"http:\/\/internationale-gaerten.de\/wordpress\/wp-content\/uploads\/2018\/05\/Willkommensgarten-1.pdf\" target=\"_blank\" rel=\"noopener noreferrer\">Download PDF<\/a>.<\/p>\n<h5><strong>Lehrimkereien<\/strong><\/h5>\n<div id=\"attachment_587\" style=\"width: 260px\" class=\"wp-caption alignright\"><img loading=\"lazy\" decoding=\"async\" aria-describedby=\"caption-attachment-587\" class=\"wp-image-587\" src=\"http:\/\/internationale-gaerten.de\/wordpress\/wp-content\/uploads\/2014\/08\/88-300x225.jpg\" alt=\"88\" width=\"250\" height=\"188\" \/><p id=\"caption-attachment-587\" class=\"wp-caption-text\">In der Lehrimkerei<\/p><\/div>\n<p>In den beiden gro\u00dfen Gemeinschaftsg\u00e4rten gibt es jeweils eine Lehrimkerei mit drei bis sieben Mitgliedern. Die Bienen finden in unseren bunten G\u00e4rten und bei den Bl\u00fchpflanzen unserer Nachbarn ausreichend Nektar und Pollen und machen daraus einen sehr leckeren Honig.<br \/>Im Jahr 2018 entstand im Friedensgarten im Rahmen der interkulturellen Lehrimkerei ein Lehrpfad mit 13 Informations-Tafeln. <img loading=\"lazy\" decoding=\"async\" class=\"alignright\" src=\"http:\/\/internationale-gaerten.de\/wordpress\/wp-content\/uploads\/2019\/09\/P1150298-2.jpg\" width=\"250\" height=\"202\" \/><br \/>In der Lehrimkerei-Geismar stehen ebenfalls in Eigenarbeit hergestellte Tafeln \u00fcber Bienen und Honig und weiteres Anschauungsmaterial zur Verf\u00fcgung. Der Honig wird zum Verkauf in die Stadtteile abgegeben.<br \/>Zwei Lehrimkereien mit zeitweise bis zu 15 V\u00f6lkern zu betreiben ist eine sehr arbeitsintensive Aufgabe. Viele, viele ehrenamtlich geleistete Arbeitsstunden sind in den letzten f\u00fcnfzehn Jahren in den beiden Lehrimkereien gerade von den Migrant:innen in unserem Verein geleistet worden.<\/p>\n<h5><strong>Pflanzenvielfalt<\/strong><\/h5>\n<div id=\"attachment_583\" style=\"width: 260px\" class=\"wp-caption alignright\"><img loading=\"lazy\" decoding=\"async\" aria-describedby=\"caption-attachment-583\" class=\"wp-image-583\" src=\"http:\/\/internationale-gaerten.de\/wordpress\/wp-content\/uploads\/2014\/08\/130-300x225.jpg\" alt=\"130\" width=\"250\" height=\"188\" \/><p id=\"caption-attachment-583\" class=\"wp-caption-text\">Projekt mit Kindern aus Groner Kitas (ab August 2008)<\/p><\/div>\n<p>Genauso vielf\u00e4ltig wie unsere Mitglieder ist\u00a0die Bandbreite der Pflanzen, die in unseren G\u00e4rten wachsen. Heimische, alte Kultursorten wachsen neben neuen Z\u00fcchtungen, chinesische &#8222;Kohlpalmen&#8220; neben bunten koreanischen K\u00fcrbissen. Unsere Mitglieder probieren sich gern an neuen Sorten aus und tauschen Pflanzen untereinander. In unregelm\u00e4\u00dfigen Abst\u00e4nden veranstalten die Internationalen G\u00e4rten Ausstellungen zur Pflanzenvielfalt und zu &#8222;Boden&#8220;-Themen.<\/p>\n\n\n<p><\/p>\n","protected":false},"excerpt":{"rendered":"<p>Die gemeinsame Gartenarbeit bildet die Basis unserer Vereinsaktivit\u00e4ten. Unsere G\u00e4rten bestehen aus \u00fcber 40 Einzelparzellen f\u00fcr den Anbau von Gem\u00fcse und Kr\u00e4utern sowie Gemeinschaftsfl\u00e4chen. Gartenwerkzeug wird in den Ger\u00e4teschuppen zur Verf\u00fcgung gestellt. Der Verein legt seinen Mitgliedern eine \u00f6kologische Bewirtschaftung&hellip; <\/p>\n","protected":false},"author":1,"featured_media":0,"parent":0,"menu_order":0,"comment_status":"closed","ping_status":"open","template":"","meta":{"two_page_speed":[],"footnotes":""},"class_list":["post-13","page","type-page","status-publish","hentry"],"_links":{"self":[{"href":"http:\/\/internationale-gaerten.de\/index.php?rest_route=\/wp\/v2\/pages\/13","targetHints":{"allow":["GET"]}}],"collection":[{"href":"http:\/\/internationale-gaerten.de\/index.php?rest_route=\/wp\/v2\/pages"}],"about":[{"href":"http:\/\/internationale-gaerten.de\/index.php?rest_route=\/wp\/v2\/types\/page"}],"author":[{"embeddable":true,"href":"http:\/\/internationale-gaerten.de\/index.php?rest_route=\/wp\/v2\/users\/1"}],"replies":[{"embeddable":true,"href":"http:\/\/internationale-gaerten.de\/index.php?rest_route=%2Fwp%2Fv2%2Fcomments&post=13"}],"version-history":[{"count":135,"href":"http:\/\/internationale-gaerten.de\/index.php?rest_route=\/wp\/v2\/pages\/13\/revisions"}],"predecessor-version":[{"id":169029,"href":"http:\/\/internationale-gaerten.de\/index.php?rest_route=\/wp\/v2\/pages\/13\/revisions\/169029"}],"wp:attachment":[{"href":"http:\/\/internationale-gaerten.de\/index.php?rest_route=%2Fwp%2Fv2%2Fmedia&parent=13"}],"curies":[{"name":"wp","href":"https:\/\/api.w.org\/{rel}","templated":true}]}}